{"id":1902,"date":"2022-09-14T20:19:35","date_gmt":"2022-09-15T03:19:35","guid":{"rendered":"https:\/\/ayatana.fr\/demandez-un-essai-gratuit\/"},"modified":"2022-09-22T00:21:48","modified_gmt":"2022-09-22T07:21:48","slug":"demandez-un-essai-gratuit","status":"publish","type":"page","link":"https:\/\/www.ayatana.fr\/fr\/demandez-un-essai-gratuit\/","title":{"rendered":"Demandez une d\u00e9mo gratuite"},"content":{"rendered":"\t\t<div data-elementor-type=\"wp-page\" data-elementor-id=\"1902\" class=\"elementor elementor-1902 elementor-1895\" data-elementor-post-type=\"page\">\n\t\t\t\t\t\t<section class=\"elementor-section elementor-top-section elementor-element elementor-element-39944c7 elementor-section-boxed elementor-section-height-default elementor-section-height-default\" data-id=\"39944c7\" data-element_type=\"section\" data-settings=\"{&quot;background_background&quot;:&quot;classic&quot;}\">\n\t\t\t\t\t\t\t<div class=\"elementor-background-overlay\"><\/div>\n\t\t\t\t\t\t\t<div class=\"elementor-container elementor-column-gap-default\">\n\t\t\t\t\t<div class=\"elementor-column elementor-col-100 elementor-top-column elementor-element elementor-element-a3fef2c\" data-id=\"a3fef2c\" data-element_type=\"column\">\n\t\t\t<div class=\"elementor-widget-wrap elementor-element-populated\">\n\t\t\t\t\t\t<div class=\"elementor-element elementor-element-5d01d73 elementor-widget elementor-widget-spacer\" data-id=\"5d01d73\" data-element_type=\"widget\" data-widget_type=\"spacer.default\">\n\t\t\t\t<div class=\"elementor-widget-container\">\n\t\t\t\t\t\t\t<div class=\"elementor-spacer\">\n\t\t\t<div class=\"elementor-spacer-inner\"><\/div>\n\t\t<\/div>\n\t\t\t\t\t\t<\/div>\n\t\t\t\t<\/div>\n\t\t\t\t<div class=\"elementor-element elementor-element-c3030db elementor-widget elementor-widget-text-editor\" data-id=\"c3030db\" data-element_type=\"widget\" data-widget_type=\"text-editor.default\">\n\t\t\t\t<div class=\"elementor-widget-container\">\n\t\t\t\t\t\t\t\t\t<p>Demandez une d\u00e9mo gratuite et sans engagement<\/p>\n\t\t\t\t\t\t\t\t<\/div>\n\t\t\t\t<\/div>\n\t\t\t\t<div class=\"elementor-element elementor-element-3c16f99 elementor-widget elementor-widget-wpforms\" data-id=\"3c16f99\" data-element_type=\"widget\" data-widget_type=\"wpforms.default\">\n\t\t\t\t<div class=\"elementor-widget-container\">\n\t\t\t\t\t<div class=\"wpforms-container wpforms-container-full\" id=\"wpforms-6\"><form id=\"wpforms-form-6\" class=\"wpforms-validate wpforms-form wpforms-ajax-form\" data-formid=\"6\" method=\"post\" enctype=\"multipart\/form-data\" action=\"\/fr\/wp-json\/wp\/v2\/pages\/1902\" data-token=\"f438ab54a726952d7b5d8dab6d02d5d4\" data-token-time=\"1777440783\"><noscript class=\"wpforms-error-noscript\">Veuillez activer JavaScript dans votre navigateur pour remplir ce formulaire.<\/noscript><div class=\"wpforms-field-container\"><div id=\"wpforms-6-field_0-container\" class=\"wpforms-field wpforms-field-name\" data-field-id=\"0\"><label class=\"wpforms-field-label\">Nom <span class=\"wpforms-required-label\">*<\/span><\/label><div class=\"wpforms-field-row wpforms-field-medium\"><div class=\"wpforms-field-row-block wpforms-first wpforms-one-half\"><input type=\"text\" id=\"wpforms-6-field_0\" class=\"wpforms-field-name-first wpforms-field-required\" name=\"wpforms[fields][0][first]\" required><label for=\"wpforms-6-field_0\" class=\"wpforms-field-sublabel after\">Pr\u00e9nom<\/label><\/div><div class=\"wpforms-field-row-block wpforms-one-half\"><input type=\"text\" id=\"wpforms-6-field_0-last\" class=\"wpforms-field-name-last wpforms-field-required\" name=\"wpforms[fields][0][last]\" required><label for=\"wpforms-6-field_0-last\" class=\"wpforms-field-sublabel after\">Nom<\/label><\/div><\/div><\/div><div id=\"wpforms-6-field_1-container\" class=\"wpforms-field wpforms-field-email\" data-field-id=\"1\"><label class=\"wpforms-field-label\" for=\"wpforms-6-field_1\">Email professionnel (pas de gmail, hotmail...) <span class=\"wpforms-required-label\">*<\/span><\/label><input type=\"email\" id=\"wpforms-6-field_1\" class=\"wpforms-field-medium wpforms-field-required\" name=\"wpforms[fields][1]\" spellcheck=\"false\" required><\/div><div id=\"wpforms-6-field_3-container\" class=\"wpforms-field wpforms-field-text\" data-field-id=\"3\"><label class=\"wpforms-field-label\" for=\"wpforms-6-field_3\">Entreprise <span class=\"wpforms-required-label\">*<\/span><\/label><input type=\"text\" id=\"wpforms-6-field_3\" class=\"wpforms-field-medium wpforms-field-required\" name=\"wpforms[fields][3]\" required><\/div><div id=\"wpforms-6-field_6-container\" class=\"wpforms-field wpforms-field-text\" data-field-id=\"6\"><label class=\"wpforms-field-label\" for=\"wpforms-6-field_6\">T\u00e9l\u00e9phone<\/label><input type=\"text\" id=\"wpforms-6-field_6\" class=\"wpforms-field-medium\" name=\"wpforms[fields][6]\" ><\/div><div id=\"wpforms-6-field_7-container\" class=\"wpforms-field wpforms-field-text\" data-field-id=\"7\"><label class=\"wpforms-field-label\" for=\"wpforms-6-field_7\">Site web de l&#039;entreprise<\/label><input type=\"text\" id=\"wpforms-6-field_7\" class=\"wpforms-field-medium\" name=\"wpforms[fields][7]\" ><\/div><div id=\"wpforms-6-field_5-container\" class=\"wpforms-field wpforms-field-select wpforms-field-select-style-classic\" data-field-id=\"5\"><label class=\"wpforms-field-label\" for=\"wpforms-6-field_5\">Secteur d&#039;activit\u00e9 <\/label><select id=\"wpforms-6-field_5\" class=\"wpforms-field-medium\" name=\"wpforms[fields][5]\"><option value=\"Services financiers\" >Services financiers<\/option><option value=\"Commerce de d\u00e9tail\/biens de consommation\" >Commerce de d\u00e9tail\/biens de consommation<\/option><option value=\"Gouvernement\" >Gouvernement<\/option><option value=\"M\u00e9dias et divertissement\" >M\u00e9dias et divertissement<\/option><option value=\"Immobilier \/ Construction\" >Immobilier \/ Construction<\/option><option value=\"Services publics\" >Services publics<\/option><option value=\"Sant\u00e9\" >Sant\u00e9<\/option><option value=\"Sport\/Bien-\u00eatre\" >Sport\/Bien-\u00eatre<\/option><option value=\"Education\" >Education<\/option><option value=\"Transport\/Mobilit\u00e9\" >Transport\/Mobilit\u00e9<\/option><option value=\"H\u00f4tellerie et tourisme\" >H\u00f4tellerie et tourisme<\/option><option value=\"Assurance\" >Assurance<\/option><option value=\"Technologie (SAAS\/Hardware)\" >Technologie (SAAS\/Hardware)<\/option><option value=\"Autres\" >Autres<\/option><\/select><\/div><div id=\"wpforms-6-field_8-container\" class=\"wpforms-field wpforms-field-text\" data-field-id=\"8\"><label class=\"wpforms-field-label\" for=\"wpforms-6-field_8\">Nombre d&#039;employ\u00e9s<\/label><input type=\"text\" id=\"wpforms-6-field_8\" class=\"wpforms-field-medium\" name=\"wpforms[fields][8]\" ><\/div><div id=\"wpforms-6-field_2-container\" class=\"wpforms-field wpforms-field-textarea\" data-field-id=\"2\"><label class=\"wpforms-field-label\" for=\"wpforms-6-field_2\">A propos des besoins de votre projet <\/label><textarea id=\"wpforms-6-field_2\" class=\"wpforms-field-medium\" name=\"wpforms[fields][2]\" ><\/textarea><\/div><\/div><!-- .wpforms-field-container --><div class=\"wpforms-submit-container\" ><input type=\"hidden\" name=\"wpforms[id]\" value=\"6\"><input type=\"hidden\" name=\"page_title\" value=\"\"><input type=\"hidden\" name=\"page_url\" value=\"https:\/\/www.ayatana.fr\/fr\/wp-json\/wp\/v2\/pages\/1902\"><input type=\"hidden\" name=\"url_referer\" value=\"\"><button type=\"submit\" name=\"wpforms[submit]\" id=\"wpforms-submit-6\" class=\"wpforms-submit\" data-alt-text=\"Envoy\u00e9...\" data-submit-text=\"Soumettre\" aria-live=\"assertive\" value=\"wpforms-submit\">Soumettre<\/button><img decoding=\"async\" src=\"https:\/\/www.ayatana.fr\/wp-content\/plugins\/wpforms-lite\/assets\/images\/submit-spin.svg\" class=\"wpforms-submit-spinner\" style=\"display: none;\" width=\"26\" height=\"26\" alt=\"Chargement en cours\"><\/div><\/form><\/div>  <!-- .wpforms-container -->\t\t\t\t<\/div>\n\t\t\t\t<\/div>\n\t\t\t\t<div class=\"elementor-element elementor-element-9216a58 elementor-widget elementor-widget-spacer\" data-id=\"9216a58\" data-element_type=\"widget\" data-widget_type=\"spacer.default\">\n\t\t\t\t<div class=\"elementor-widget-container\">\n\t\t\t\t\t\t\t<div class=\"elementor-spacer\">\n\t\t\t<div class=\"elementor-spacer-inner\"><\/div>\n\t\t<\/div>\n\t\t\t\t\t\t<\/div>\n\t\t\t\t<\/div>\n\t\t\t\t<div class=\"elementor-element elementor-element-d45382d elementor-widget elementor-widget-text-editor\" data-id=\"d45382d\" data-element_type=\"widget\" data-widget_type=\"text-editor.default\">\n\t\t\t\t<div class=\"elementor-widget-container\">\n\t\t\t\t\t\t\t\t\t<p><strong>AYATANA <\/strong>collecte vos donn\u00e9es personnelles afin de r\u00e9pondre \u00e0 votre demande ainsi que dans le cadre de ses activit\u00e9s de prospection commerciale.<\/p>\n\t\t\t\t\t\t\t\t<\/div>\n\t\t\t\t<\/div>\n\t\t\t\t<div class=\"elementor-element elementor-element-e83b4ca elementor-widget elementor-widget-spacer\" data-id=\"e83b4ca\" data-element_type=\"widget\" data-widget_type=\"spacer.default\">\n\t\t\t\t<div class=\"elementor-widget-container\">\n\t\t\t\t\t\t\t<div class=\"elementor-spacer\">\n\t\t\t<div class=\"elementor-spacer-inner\"><\/div>\n\t\t<\/div>\n\t\t\t\t\t\t<\/div>\n\t\t\t\t<\/div>\n\t\t\t\t\t<\/div>\n\t\t<\/div>\n\t\t\t\t\t<\/div>\n\t\t<\/section>\n\t\t\t\t<\/div>\n\t\t","protected":false},"excerpt":{"rendered":"<p>Demandez une d\u00e9mo gratuite et sans engagement AYATANA collecte vos donn\u00e9es personnelles afin de r\u00e9pondre \u00e0 votre demande ainsi que dans le cadre de ses activit\u00e9s de prospection commerciale.<\/p>\n","protected":false},"author":1,"featured_media":0,"parent":0,"menu_order":0,"comment_status":"closed","ping_status":"closed","template":"","meta":{"om_disable_all_campaigns":false,"_monsterinsights_skip_tracking":false,"_monsterinsights_sitenote_active":false,"_monsterinsights_sitenote_note":"","_monsterinsights_sitenote_category":0,"site-sidebar-layout":"no-sidebar","site-content-layout":"page-builder","ast-global-header-display":"","ast-banner-title-visibility":"","ast-main-header-display":"","ast-hfb-above-header-display":"","ast-hfb-below-header-display":"","ast-hfb-mobile-header-display":"","site-post-title":"disabled","ast-breadcrumbs-content":"","ast-featured-img":"disabled","footer-sml-layout":"","theme-transparent-header-meta":"","adv-header-id-meta":"","stick-header-meta":"","header-above-stick-meta":"","header-main-stick-meta":"","header-below-stick-meta":"","footnotes":""},"class_list":["post-1902","page","type-page","status-publish","hentry"],"aioseo_notices":[],"yoast_head":"<!-- This site is optimized with the Yoast SEO plugin v25.1 - https:\/\/yoast.com\/wordpress\/plugins\/seo\/ -->\n<title>Demandez une d\u00e9mo gratuite - Ayatana<\/title>\n<meta name=\"robots\" content=\"index, follow, max-snippet:-1, max-image-preview:large, max-video-preview:-1\" \/>\n<link rel=\"canonical\" href=\"https:\/\/www.ayatana.fr\/fr\/demandez-un-essai-gratuit\/\" \/>\n<meta property=\"og:locale\" content=\"fr_FR\" \/>\n<meta property=\"og:type\" content=\"article\" \/>\n<meta property=\"og:title\" content=\"Demandez une d\u00e9mo gratuite - Ayatana\" \/>\n<meta property=\"og:description\" content=\"Demandez une d\u00e9mo gratuite et sans engagement AYATANA collecte vos donn\u00e9es personnelles afin de r\u00e9pondre \u00e0 votre demande ainsi que dans le cadre de ses activit\u00e9s de prospection commerciale.\" \/>\n<meta property=\"og:url\" content=\"https:\/\/www.ayatana.fr\/fr\/demandez-un-essai-gratuit\/\" \/>\n<meta property=\"og:site_name\" content=\"Ayatana\" \/>\n<meta property=\"article:modified_time\" content=\"2022-09-22T07:21:48+00:00\" \/>\n<meta name=\"twitter:card\" content=\"summary_large_image\" \/>\n<script type=\"application\/ld+json\" class=\"yoast-schema-graph\">{\"@context\":\"https:\/\/schema.org\",\"@graph\":[{\"@type\":\"WebPage\",\"@id\":\"https:\/\/www.ayatana.fr\/fr\/demandez-un-essai-gratuit\/\",\"url\":\"https:\/\/www.ayatana.fr\/fr\/demandez-un-essai-gratuit\/\",\"name\":\"Demandez une d\u00e9mo gratuite - Ayatana\",\"isPartOf\":{\"@id\":\"https:\/\/www.ayatana.fr\/#website\"},\"datePublished\":\"2022-09-15T03:19:35+00:00\",\"dateModified\":\"2022-09-22T07:21:48+00:00\",\"breadcrumb\":{\"@id\":\"https:\/\/www.ayatana.fr\/fr\/demandez-un-essai-gratuit\/#breadcrumb\"},\"inLanguage\":\"fr-FR\",\"potentialAction\":[{\"@type\":\"ReadAction\",\"target\":[\"https:\/\/www.ayatana.fr\/fr\/demandez-un-essai-gratuit\/\"]}]},{\"@type\":\"BreadcrumbList\",\"@id\":\"https:\/\/www.ayatana.fr\/fr\/demandez-un-essai-gratuit\/#breadcrumb\",\"itemListElement\":[{\"@type\":\"ListItem\",\"position\":1,\"name\":\"Home\",\"item\":\"https:\/\/www.ayatana.fr\/\"},{\"@type\":\"ListItem\",\"position\":2,\"name\":\"Demandez une d\u00e9mo gratuite\"}]},{\"@type\":\"WebSite\",\"@id\":\"https:\/\/www.ayatana.fr\/#website\",\"url\":\"https:\/\/www.ayatana.fr\/\",\"name\":\"Ayatana\",\"description\":\"\",\"publisher\":{\"@id\":\"https:\/\/www.ayatana.fr\/#organization\"},\"potentialAction\":[{\"@type\":\"SearchAction\",\"target\":{\"@type\":\"EntryPoint\",\"urlTemplate\":\"https:\/\/www.ayatana.fr\/?s={search_term_string}\"},\"query-input\":{\"@type\":\"PropertyValueSpecification\",\"valueRequired\":true,\"valueName\":\"search_term_string\"}}],\"inLanguage\":\"fr-FR\"},{\"@type\":\"Organization\",\"@id\":\"https:\/\/www.ayatana.fr\/#organization\",\"name\":\"Ayatana\",\"url\":\"https:\/\/www.ayatana.fr\/\",\"logo\":{\"@type\":\"ImageObject\",\"inLanguage\":\"fr-FR\",\"@id\":\"https:\/\/www.ayatana.fr\/#\/schema\/logo\/image\/\",\"url\":\"https:\/\/www.ayatana.fr\/wp-content\/uploads\/2022\/09\/Ayatana-logo-side_White.png\",\"contentUrl\":\"https:\/\/www.ayatana.fr\/wp-content\/uploads\/2022\/09\/Ayatana-logo-side_White.png\",\"width\":2435,\"height\":528,\"caption\":\"Ayatana\"},\"image\":{\"@id\":\"https:\/\/www.ayatana.fr\/#\/schema\/logo\/image\/\"}}]}<\/script>\n<!-- \/ Yoast SEO plugin. -->","yoast_head_json":{"title":"Demandez une d\u00e9mo gratuite - Ayatana","robots":{"index":"index","follow":"follow","max-snippet":"max-snippet:-1","max-image-preview":"max-image-preview:large","max-video-preview":"max-video-preview:-1"},"canonical":"https:\/\/www.ayatana.fr\/fr\/demandez-un-essai-gratuit\/","og_locale":"fr_FR","og_type":"article","og_title":"Demandez une d\u00e9mo gratuite - Ayatana","og_description":"Demandez une d\u00e9mo gratuite et sans engagement AYATANA collecte vos donn\u00e9es personnelles afin de r\u00e9pondre \u00e0 votre demande ainsi que dans le cadre de ses activit\u00e9s de prospection commerciale.","og_url":"https:\/\/www.ayatana.fr\/fr\/demandez-un-essai-gratuit\/","og_site_name":"Ayatana","article_modified_time":"2022-09-22T07:21:48+00:00","twitter_card":"summary_large_image","schema":{"@context":"https:\/\/schema.org","@graph":[{"@type":"WebPage","@id":"https:\/\/www.ayatana.fr\/fr\/demandez-un-essai-gratuit\/","url":"https:\/\/www.ayatana.fr\/fr\/demandez-un-essai-gratuit\/","name":"Demandez une d\u00e9mo gratuite - Ayatana","isPartOf":{"@id":"https:\/\/www.ayatana.fr\/#website"},"datePublished":"2022-09-15T03:19:35+00:00","dateModified":"2022-09-22T07:21:48+00:00","breadcrumb":{"@id":"https:\/\/www.ayatana.fr\/fr\/demandez-un-essai-gratuit\/#breadcrumb"},"inLanguage":"fr-FR","potentialAction":[{"@type":"ReadAction","target":["https:\/\/www.ayatana.fr\/fr\/demandez-un-essai-gratuit\/"]}]},{"@type":"BreadcrumbList","@id":"https:\/\/www.ayatana.fr\/fr\/demandez-un-essai-gratuit\/#breadcrumb","itemListElement":[{"@type":"ListItem","position":1,"name":"Home","item":"https:\/\/www.ayatana.fr\/"},{"@type":"ListItem","position":2,"name":"Demandez une d\u00e9mo gratuite"}]},{"@type":"WebSite","@id":"https:\/\/www.ayatana.fr\/#website","url":"https:\/\/www.ayatana.fr\/","name":"Ayatana","description":"","publisher":{"@id":"https:\/\/www.ayatana.fr\/#organization"},"potentialAction":[{"@type":"SearchAction","target":{"@type":"EntryPoint","urlTemplate":"https:\/\/www.ayatana.fr\/?s={search_term_string}"},"query-input":{"@type":"PropertyValueSpecification","valueRequired":true,"valueName":"search_term_string"}}],"inLanguage":"fr-FR"},{"@type":"Organization","@id":"https:\/\/www.ayatana.fr\/#organization","name":"Ayatana","url":"https:\/\/www.ayatana.fr\/","logo":{"@type":"ImageObject","inLanguage":"fr-FR","@id":"https:\/\/www.ayatana.fr\/#\/schema\/logo\/image\/","url":"https:\/\/www.ayatana.fr\/wp-content\/uploads\/2022\/09\/Ayatana-logo-side_White.png","contentUrl":"https:\/\/www.ayatana.fr\/wp-content\/uploads\/2022\/09\/Ayatana-logo-side_White.png","width":2435,"height":528,"caption":"Ayatana"},"image":{"@id":"https:\/\/www.ayatana.fr\/#\/schema\/logo\/image\/"}}]}},"_links":{"self":[{"href":"https:\/\/www.ayatana.fr\/fr\/wp-json\/wp\/v2\/pages\/1902","targetHints":{"allow":["GET"]}}],"collection":[{"href":"https:\/\/www.ayatana.fr\/fr\/wp-json\/wp\/v2\/pages"}],"about":[{"href":"https:\/\/www.ayatana.fr\/fr\/wp-json\/wp\/v2\/types\/page"}],"author":[{"embeddable":true,"href":"https:\/\/www.ayatana.fr\/fr\/wp-json\/wp\/v2\/users\/1"}],"replies":[{"embeddable":true,"href":"https:\/\/www.ayatana.fr\/fr\/wp-json\/wp\/v2\/comments?post=1902"}],"version-history":[{"count":8,"href":"https:\/\/www.ayatana.fr\/fr\/wp-json\/wp\/v2\/pages\/1902\/revisions"}],"predecessor-version":[{"id":2769,"href":"https:\/\/www.ayatana.fr\/fr\/wp-json\/wp\/v2\/pages\/1902\/revisions\/2769"}],"wp:attachment":[{"href":"https:\/\/www.ayatana.fr\/fr\/wp-json\/wp\/v2\/media?parent=1902"}],"curies":[{"name":"wp","href":"https:\/\/api.w.org\/{rel}","templated":true}]}}