{"id":1933,"date":"2022-09-15T11:02:01","date_gmt":"2022-09-15T18:02:01","guid":{"rendered":"https:\/\/ayatana.fr\/mentions-legales\/"},"modified":"2025-04-07T15:29:27","modified_gmt":"2025-04-07T22:29:27","slug":"mentions-legales","status":"publish","type":"page","link":"https:\/\/www.ayatana.fr\/fr\/mentions-legales\/","title":{"rendered":"Mentions l\u00e9gales"},"content":{"rendered":"\t\t<div data-elementor-type=\"wp-page\" data-elementor-id=\"1933\" class=\"elementor elementor-1933 elementor-1924\" data-elementor-post-type=\"page\">\n\t\t\t\t\t\t<section class=\"elementor-section elementor-top-section elementor-element elementor-element-0a22499 elementor-section-boxed elementor-section-height-default elementor-section-height-default\" data-id=\"0a22499\" data-element_type=\"section\" data-settings=\"{&quot;background_background&quot;:&quot;classic&quot;}\">\n\t\t\t\t\t\t<div class=\"elementor-container elementor-column-gap-default\">\n\t\t\t\t\t<div class=\"elementor-column elementor-col-100 elementor-top-column elementor-element elementor-element-498b472\" data-id=\"498b472\" data-element_type=\"column\">\n\t\t\t<div class=\"elementor-widget-wrap elementor-element-populated\">\n\t\t\t\t\t\t<div class=\"elementor-element elementor-element-fa6318e elementor-widget elementor-widget-spacer\" data-id=\"fa6318e\" data-element_type=\"widget\" data-widget_type=\"spacer.default\">\n\t\t\t\t<div class=\"elementor-widget-container\">\n\t\t\t\t\t\t\t<div class=\"elementor-spacer\">\n\t\t\t<div class=\"elementor-spacer-inner\"><\/div>\n\t\t<\/div>\n\t\t\t\t\t\t<\/div>\n\t\t\t\t<\/div>\n\t\t\t\t<div class=\"elementor-element elementor-element-8e6e9f9 elementor-widget elementor-widget-heading\" data-id=\"8e6e9f9\" data-element_type=\"widget\" data-widget_type=\"heading.default\">\n\t\t\t\t<div class=\"elementor-widget-container\">\n\t\t\t\t\t<h2 class=\"elementor-heading-title elementor-size-default\">MENTIONS LEGALES<\/h2>\t\t\t\t<\/div>\n\t\t\t\t<\/div>\n\t\t\t\t<div class=\"elementor-element elementor-element-0977dd0 elementor-widget elementor-widget-spacer\" data-id=\"0977dd0\" data-element_type=\"widget\" data-widget_type=\"spacer.default\">\n\t\t\t\t<div class=\"elementor-widget-container\">\n\t\t\t\t\t\t\t<div class=\"elementor-spacer\">\n\t\t\t<div class=\"elementor-spacer-inner\"><\/div>\n\t\t<\/div>\n\t\t\t\t\t\t<\/div>\n\t\t\t\t<\/div>\n\t\t\t\t\t<\/div>\n\t\t<\/div>\n\t\t\t\t\t<\/div>\n\t\t<\/section>\n\t\t\t\t<section class=\"elementor-section elementor-top-section elementor-element elementor-element-5d4151b elementor-section-boxed elementor-section-height-default elementor-section-height-default\" data-id=\"5d4151b\" data-element_type=\"section\" data-settings=\"{&quot;background_background&quot;:&quot;classic&quot;}\">\n\t\t\t\t\t\t<div class=\"elementor-container elementor-column-gap-default\">\n\t\t\t\t\t<div class=\"elementor-column elementor-col-33 elementor-top-column elementor-element elementor-element-791ce90\" data-id=\"791ce90\" data-element_type=\"column\">\n\t\t\t<div class=\"elementor-widget-wrap\">\n\t\t\t\t\t\t\t<\/div>\n\t\t<\/div>\n\t\t\t\t<div class=\"elementor-column elementor-col-33 elementor-top-column elementor-element elementor-element-a5a7ec7\" data-id=\"a5a7ec7\" data-element_type=\"column\">\n\t\t\t<div class=\"elementor-widget-wrap elementor-element-populated\">\n\t\t\t\t\t\t<div class=\"elementor-element elementor-element-2023d95 elementor-widget elementor-widget-text-editor\" data-id=\"2023d95\" data-element_type=\"widget\" data-widget_type=\"text-editor.default\">\n\t\t\t\t<div class=\"elementor-widget-container\">\n\t\t\t\t\t\t\t\t\t<p><strong>ARTICLE 1 \u2013 EDITEUR ET RESPONSABLE DE PUBLICATION <\/strong><\/p><p>Le site est \u00e9dit\u00e9 par la soci\u00e9t\u00e9 DOTAE,<\/p><p>Son directeur de la publication est Charlotte Caugant<\/p><p>Toute r\u00e9clamation ou notification doit \u00eatre adress\u00e9e par courrier postal au 90 bis rue de Foug\u00e8res 35700 RENNES<\/p>\t\t\t\t\t\t\t\t<\/div>\n\t\t\t\t<\/div>\n\t\t\t\t\t<\/div>\n\t\t<\/div>\n\t\t\t\t<div class=\"elementor-column elementor-col-33 elementor-top-column elementor-element elementor-element-311f8b0\" data-id=\"311f8b0\" data-element_type=\"column\">\n\t\t\t<div class=\"elementor-widget-wrap\">\n\t\t\t\t\t\t\t<\/div>\n\t\t<\/div>\n\t\t\t\t\t<\/div>\n\t\t<\/section>\n\t\t\t\t<section class=\"elementor-section elementor-top-section elementor-element elementor-element-24ec47c elementor-section-boxed elementor-section-height-default elementor-section-height-default\" data-id=\"24ec47c\" data-element_type=\"section\" data-settings=\"{&quot;background_background&quot;:&quot;classic&quot;}\">\n\t\t\t\t\t\t<div class=\"elementor-container elementor-column-gap-default\">\n\t\t\t\t\t<div class=\"elementor-column elementor-col-33 elementor-top-column elementor-element elementor-element-5153dea\" data-id=\"5153dea\" data-element_type=\"column\">\n\t\t\t<div class=\"elementor-widget-wrap\">\n\t\t\t\t\t\t\t<\/div>\n\t\t<\/div>\n\t\t\t\t<div class=\"elementor-column elementor-col-33 elementor-top-column elementor-element elementor-element-dc7aff5\" data-id=\"dc7aff5\" data-element_type=\"column\">\n\t\t\t<div class=\"elementor-widget-wrap elementor-element-populated\">\n\t\t\t\t\t\t<div class=\"elementor-element elementor-element-0ed2730 elementor-widget elementor-widget-text-editor\" data-id=\"0ed2730\" data-element_type=\"widget\" data-widget_type=\"text-editor.default\">\n\t\t\t\t<div class=\"elementor-widget-container\">\n\t\t\t\t\t\t\t\t\t<p><strong>ARTICLE 2 &#8211; HEBERGEUR<\/strong><\/p><p>Le site est h\u00e9berg\u00e9 chez la soci\u00e9t\u00e9 o2switch<\/p>\t\t\t\t\t\t\t\t<\/div>\n\t\t\t\t<\/div>\n\t\t\t\t\t<\/div>\n\t\t<\/div>\n\t\t\t\t<div class=\"elementor-column elementor-col-33 elementor-top-column elementor-element elementor-element-44abe32\" data-id=\"44abe32\" data-element_type=\"column\">\n\t\t\t<div class=\"elementor-widget-wrap\">\n\t\t\t\t\t\t\t<\/div>\n\t\t<\/div>\n\t\t\t\t\t<\/div>\n\t\t<\/section>\n\t\t\t\t<section class=\"elementor-section elementor-top-section elementor-element elementor-element-5df0c1d elementor-section-boxed elementor-section-height-default elementor-section-height-default\" data-id=\"5df0c1d\" data-element_type=\"section\" data-settings=\"{&quot;background_background&quot;:&quot;classic&quot;}\">\n\t\t\t\t\t\t<div class=\"elementor-container elementor-column-gap-default\">\n\t\t\t\t\t<div class=\"elementor-column elementor-col-25 elementor-top-column elementor-element elementor-element-035aa9c\" data-id=\"035aa9c\" data-element_type=\"column\">\n\t\t\t<div class=\"elementor-widget-wrap\">\n\t\t\t\t\t\t\t<\/div>\n\t\t<\/div>\n\t\t\t\t<div class=\"elementor-column elementor-col-25 elementor-top-column elementor-element elementor-element-0e439ca\" data-id=\"0e439ca\" data-element_type=\"column\">\n\t\t\t<div class=\"elementor-widget-wrap elementor-element-populated\">\n\t\t\t\t\t\t<div class=\"elementor-element elementor-element-29b3c24 elementor-widget elementor-widget-text-editor\" data-id=\"29b3c24\" data-element_type=\"widget\" data-widget_type=\"text-editor.default\">\n\t\t\t\t<div class=\"elementor-widget-container\">\n\t\t\t\t\t\t\t\t\t<p><strong>ARTICLE 3 &#8211; PROPRIETE INTELLECTUELLE<\/strong><\/p>\n<p>Le signe et le logo \u00ab\u00a0AYATANA\u00a0\u00bb sont d\u00e9pos\u00e9s \u00e0 titre de marque.<\/p>\n\t\t\t\t\t\t\t\t<\/div>\n\t\t\t\t<\/div>\n\t\t\t\t\t<\/div>\n\t\t<\/div>\n\t\t\t\t<div class=\"elementor-column elementor-col-25 elementor-top-column elementor-element elementor-element-f0bd59a\" data-id=\"f0bd59a\" data-element_type=\"column\">\n\t\t\t<div class=\"elementor-widget-wrap elementor-element-populated\">\n\t\t\t\t\t\t<div class=\"elementor-element elementor-element-fa465e9 elementor-widget elementor-widget-image\" data-id=\"fa465e9\" data-element_type=\"widget\" data-widget_type=\"image.default\">\n\t\t\t\t<div class=\"elementor-widget-container\">\n\t\t\t\t\t\t\t\t\t\t\t\t\t\t\t<img fetchpriority=\"high\" decoding=\"async\" width=\"1024\" height=\"222\" src=\"https:\/\/www.ayatana.fr\/wp-content\/uploads\/2022\/09\/Ayatana-logo-side_White-1024x222.png\" class=\"attachment-large size-large wp-image-719\" alt=\"\" srcset=\"https:\/\/www.ayatana.fr\/wp-content\/uploads\/2022\/09\/Ayatana-logo-side_White-1024x222.png 1024w, https:\/\/www.ayatana.fr\/wp-content\/uploads\/2022\/09\/Ayatana-logo-side_White-300x65.png 300w, https:\/\/www.ayatana.fr\/wp-content\/uploads\/2022\/09\/Ayatana-logo-side_White-768x167.png 768w, https:\/\/www.ayatana.fr\/wp-content\/uploads\/2022\/09\/Ayatana-logo-side_White-1536x333.png 1536w, https:\/\/www.ayatana.fr\/wp-content\/uploads\/2022\/09\/Ayatana-logo-side_White-2048x444.png 2048w, https:\/\/www.ayatana.fr\/wp-content\/uploads\/2022\/09\/Ayatana-logo-side_White-157x34.png 157w\" sizes=\"(max-width: 1024px) 100vw, 1024px\" \/>\t\t\t\t\t\t\t\t\t\t\t\t\t\t\t<\/div>\n\t\t\t\t<\/div>\n\t\t\t\t\t<\/div>\n\t\t<\/div>\n\t\t\t\t<div class=\"elementor-column elementor-col-25 elementor-top-column elementor-element elementor-element-91833cf\" data-id=\"91833cf\" data-element_type=\"column\">\n\t\t\t<div class=\"elementor-widget-wrap\">\n\t\t\t\t\t\t\t<\/div>\n\t\t<\/div>\n\t\t\t\t\t<\/div>\n\t\t<\/section>\n\t\t\t\t<section class=\"elementor-section elementor-top-section elementor-element elementor-element-f5dde52 elementor-section-boxed elementor-section-height-default elementor-section-height-default\" data-id=\"f5dde52\" data-element_type=\"section\" data-settings=\"{&quot;background_background&quot;:&quot;classic&quot;}\">\n\t\t\t\t\t\t<div class=\"elementor-container elementor-column-gap-default\">\n\t\t\t\t\t<div class=\"elementor-column elementor-col-33 elementor-top-column elementor-element elementor-element-42fa9a2\" data-id=\"42fa9a2\" data-element_type=\"column\">\n\t\t\t<div class=\"elementor-widget-wrap\">\n\t\t\t\t\t\t\t<\/div>\n\t\t<\/div>\n\t\t\t\t<div class=\"elementor-column elementor-col-33 elementor-top-column elementor-element elementor-element-d051e4c\" data-id=\"d051e4c\" data-element_type=\"column\">\n\t\t\t<div class=\"elementor-widget-wrap elementor-element-populated\">\n\t\t\t\t\t\t<div class=\"elementor-element elementor-element-db74049 elementor-widget elementor-widget-text-editor\" data-id=\"db74049\" data-element_type=\"widget\" data-widget_type=\"text-editor.default\">\n\t\t\t\t<div class=\"elementor-widget-container\">\n\t\t\t\t\t\t\t\t\t<p><span style=\"font-style: inherit; font-weight: inherit;\">Le nom de domaine \u00ab\u00a0<a href=\"https:\/\/www.ayatana.fr\">\u00a0<\/a><\/span><a href=\"https:\/\/www.ayatana.fr\">https:\/\/www.ayatana.fr<\/a> \u00a0\u00bb <span style=\"font-style: inherit; font-weight: inherit;\">est prot\u00e9g\u00e9.<\/span><\/p><p>Ces \u00e9l\u00e9ments ne peuvent \u00eatre utilis\u00e9s sans l\u2019autorisation expresse de Dotae.<\/p><p>Dotae est propri\u00e9taire des droits de propri\u00e9t\u00e9 intellectuelle ou d\u00e9tient les droits d\u2019usage sur tous les \u00e9l\u00e9ments accessibles sur le site, notamment les textes, images, vid\u00e9os, graphismes, logo, ic\u00f4nes, sons, logiciels.<\/p><p>Toute reproduction, repr\u00e9sentation, modification, publication, adaptation de tout ou partie des \u00e9l\u00e9ments du site, ainsi que des marques d\u00e9tenues par Dotae, quel que soit le moyen ou le proc\u00e9d\u00e9 utilis\u00e9, est interdite, sauf autorisation \u00e9crite et pr\u00e9alable de Dotae.<\/p><p>Toute exploitation non autoris\u00e9e du site, des \u00e9l\u00e9ments qu\u2019il contient ou des marques d\u00e9tenues par Dotae, sera consid\u00e9r\u00e9e comme constitutive d\u2019une contrefa\u00e7on et poursuivie conform\u00e9ment aux dispositions du Code de la propri\u00e9t\u00e9 intellectuelle.<\/p>\t\t\t\t\t\t\t\t<\/div>\n\t\t\t\t<\/div>\n\t\t\t\t\t<\/div>\n\t\t<\/div>\n\t\t\t\t<div class=\"elementor-column elementor-col-33 elementor-top-column elementor-element elementor-element-3b95e86\" data-id=\"3b95e86\" data-element_type=\"column\">\n\t\t\t<div class=\"elementor-widget-wrap\">\n\t\t\t\t\t\t\t<\/div>\n\t\t<\/div>\n\t\t\t\t\t<\/div>\n\t\t<\/section>\n\t\t\t\t<\/div>\n\t\t","protected":false},"excerpt":{"rendered":"<p>MENTIONS LEGALES ARTICLE 1 \u2013 EDITEUR ET RESPONSABLE DE PUBLICATION Le site est \u00e9dit\u00e9 par la soci\u00e9t\u00e9 DOTAE, Son directeur de la publication est Charlotte Caugant Toute r\u00e9clamation ou notification doit \u00eatre adress\u00e9e par courrier postal au 90 bis rue de Foug\u00e8res 35700 RENNES ARTICLE 2 &#8211; HEBERGEUR Le site est h\u00e9berg\u00e9 chez la soci\u00e9t\u00e9 &hellip;<\/p>\n<p class=\"read-more\"> <a class=\"\" href=\"https:\/\/www.ayatana.fr\/fr\/mentions-legales\/\"> <span class=\"screen-reader-text\">Mentions l\u00e9gales<\/span> Lire la suite \u00bb<\/a><\/p>\n","protected":false},"author":1,"featured_media":0,"parent":0,"menu_order":0,"comment_status":"closed","ping_status":"closed","template":"","meta":{"om_disable_all_campaigns":false,"_monsterinsights_skip_tracking":false,"_monsterinsights_sitenote_active":false,"_monsterinsights_sitenote_note":"","_monsterinsights_sitenote_category":0,"site-sidebar-layout":"no-sidebar","site-content-layout":"page-builder","ast-global-header-display":"","ast-banner-title-visibility":"","ast-main-header-display":"","ast-hfb-above-header-display":"","ast-hfb-below-header-display":"","ast-hfb-mobile-header-display":"","site-post-title":"disabled","ast-breadcrumbs-content":"","ast-featured-img":"disabled","footer-sml-layout":"","theme-transparent-header-meta":"","adv-header-id-meta":"","stick-header-meta":"","header-above-stick-meta":"","header-main-stick-meta":"","header-below-stick-meta":"","footnotes":""},"class_list":["post-1933","page","type-page","status-publish","hentry"],"aioseo_notices":[],"yoast_head":"<!-- This site is optimized with the Yoast SEO plugin v25.1 - https:\/\/yoast.com\/wordpress\/plugins\/seo\/ -->\n<title>Mentions l\u00e9gales - Ayatana<\/title>\n<meta name=\"robots\" content=\"index, follow, max-snippet:-1, max-image-preview:large, max-video-preview:-1\" \/>\n<link rel=\"canonical\" href=\"https:\/\/www.ayatana.fr\/legal-notice\/\" \/>\n<meta property=\"og:locale\" content=\"fr_FR\" \/>\n<meta property=\"og:type\" content=\"article\" \/>\n<meta property=\"og:title\" content=\"Mentions l\u00e9gales - Ayatana\" \/>\n<meta property=\"og:description\" content=\"MENTIONS LEGALES ARTICLE 1 \u2013 EDITEUR ET RESPONSABLE DE PUBLICATION Le site est \u00e9dit\u00e9 par la soci\u00e9t\u00e9 DOTAE, Son directeur de la publication est Charlotte Caugant Toute r\u00e9clamation ou notification doit \u00eatre adress\u00e9e par courrier postal au 90 bis rue de Foug\u00e8res 35700 RENNES ARTICLE 2 &#8211; HEBERGEUR Le site est h\u00e9berg\u00e9 chez la soci\u00e9t\u00e9 &hellip; Mentions l\u00e9gales Lire la suite \u00bb\" \/>\n<meta property=\"og:url\" content=\"https:\/\/www.ayatana.fr\/legal-notice\/\" \/>\n<meta property=\"og:site_name\" content=\"Ayatana\" \/>\n<meta property=\"article:modified_time\" content=\"2025-04-07T22:29:27+00:00\" \/>\n<meta property=\"og:image\" content=\"https:\/\/www.ayatana.fr\/wp-content\/uploads\/2022\/09\/Ayatana-logo-side_White-1024x222.png\" \/>\n<meta name=\"twitter:card\" content=\"summary_large_image\" \/>\n<meta name=\"twitter:label1\" content=\"Dur\u00e9e de lecture estim\u00e9e\" \/>\n\t<meta name=\"twitter:data1\" content=\"2 minutes\" \/>\n<script type=\"application\/ld+json\" class=\"yoast-schema-graph\">{\"@context\":\"https:\/\/schema.org\",\"@graph\":[{\"@type\":\"WebPage\",\"@id\":\"https:\/\/www.ayatana.fr\/legal-notice\/\",\"url\":\"https:\/\/www.ayatana.fr\/legal-notice\/\",\"name\":\"Mentions l\u00e9gales - Ayatana\",\"isPartOf\":{\"@id\":\"https:\/\/www.ayatana.fr\/#website\"},\"primaryImageOfPage\":{\"@id\":\"https:\/\/www.ayatana.fr\/legal-notice\/#primaryimage\"},\"image\":{\"@id\":\"https:\/\/www.ayatana.fr\/legal-notice\/#primaryimage\"},\"thumbnailUrl\":\"https:\/\/www.ayatana.fr\/wp-content\/uploads\/2022\/09\/Ayatana-logo-side_White-1024x222.png\",\"datePublished\":\"2022-09-15T18:02:01+00:00\",\"dateModified\":\"2025-04-07T22:29:27+00:00\",\"breadcrumb\":{\"@id\":\"https:\/\/www.ayatana.fr\/legal-notice\/#breadcrumb\"},\"inLanguage\":\"fr-FR\",\"potentialAction\":[{\"@type\":\"ReadAction\",\"target\":[\"https:\/\/www.ayatana.fr\/legal-notice\/\"]}]},{\"@type\":\"ImageObject\",\"inLanguage\":\"fr-FR\",\"@id\":\"https:\/\/www.ayatana.fr\/legal-notice\/#primaryimage\",\"url\":\"https:\/\/www.ayatana.fr\/wp-content\/uploads\/2022\/09\/Ayatana-logo-side_White-1024x222.png\",\"contentUrl\":\"https:\/\/www.ayatana.fr\/wp-content\/uploads\/2022\/09\/Ayatana-logo-side_White-1024x222.png\"},{\"@type\":\"BreadcrumbList\",\"@id\":\"https:\/\/www.ayatana.fr\/legal-notice\/#breadcrumb\",\"itemListElement\":[{\"@type\":\"ListItem\",\"position\":1,\"name\":\"Home\",\"item\":\"https:\/\/www.ayatana.fr\/\"},{\"@type\":\"ListItem\",\"position\":2,\"name\":\"Mentions l\u00e9gales\"}]},{\"@type\":\"WebSite\",\"@id\":\"https:\/\/www.ayatana.fr\/#website\",\"url\":\"https:\/\/www.ayatana.fr\/\",\"name\":\"Ayatana\",\"description\":\"\",\"publisher\":{\"@id\":\"https:\/\/www.ayatana.fr\/#organization\"},\"potentialAction\":[{\"@type\":\"SearchAction\",\"target\":{\"@type\":\"EntryPoint\",\"urlTemplate\":\"https:\/\/www.ayatana.fr\/?s={search_term_string}\"},\"query-input\":{\"@type\":\"PropertyValueSpecification\",\"valueRequired\":true,\"valueName\":\"search_term_string\"}}],\"inLanguage\":\"fr-FR\"},{\"@type\":\"Organization\",\"@id\":\"https:\/\/www.ayatana.fr\/#organization\",\"name\":\"Ayatana\",\"url\":\"https:\/\/www.ayatana.fr\/\",\"logo\":{\"@type\":\"ImageObject\",\"inLanguage\":\"fr-FR\",\"@id\":\"https:\/\/www.ayatana.fr\/#\/schema\/logo\/image\/\",\"url\":\"https:\/\/www.ayatana.fr\/wp-content\/uploads\/2022\/09\/Ayatana-logo-side_White.png\",\"contentUrl\":\"https:\/\/www.ayatana.fr\/wp-content\/uploads\/2022\/09\/Ayatana-logo-side_White.png\",\"width\":2435,\"height\":528,\"caption\":\"Ayatana\"},\"image\":{\"@id\":\"https:\/\/www.ayatana.fr\/#\/schema\/logo\/image\/\"}}]}<\/script>\n<!-- \/ Yoast SEO plugin. -->","yoast_head_json":{"title":"Mentions l\u00e9gales - Ayatana","robots":{"index":"index","follow":"follow","max-snippet":"max-snippet:-1","max-image-preview":"max-image-preview:large","max-video-preview":"max-video-preview:-1"},"canonical":"https:\/\/www.ayatana.fr\/legal-notice\/","og_locale":"fr_FR","og_type":"article","og_title":"Mentions l\u00e9gales - Ayatana","og_description":"MENTIONS LEGALES ARTICLE 1 \u2013 EDITEUR ET RESPONSABLE DE PUBLICATION Le site est \u00e9dit\u00e9 par la soci\u00e9t\u00e9 DOTAE, Son directeur de la publication est Charlotte Caugant Toute r\u00e9clamation ou notification doit \u00eatre adress\u00e9e par courrier postal au 90 bis rue de Foug\u00e8res 35700 RENNES ARTICLE 2 &#8211; HEBERGEUR Le site est h\u00e9berg\u00e9 chez la soci\u00e9t\u00e9 &hellip; Mentions l\u00e9gales Lire la suite \u00bb","og_url":"https:\/\/www.ayatana.fr\/legal-notice\/","og_site_name":"Ayatana","article_modified_time":"2025-04-07T22:29:27+00:00","og_image":[{"url":"https:\/\/www.ayatana.fr\/wp-content\/uploads\/2022\/09\/Ayatana-logo-side_White-1024x222.png","type":"","width":"","height":""}],"twitter_card":"summary_large_image","twitter_misc":{"Dur\u00e9e de lecture estim\u00e9e":"2 minutes"},"schema":{"@context":"https:\/\/schema.org","@graph":[{"@type":"WebPage","@id":"https:\/\/www.ayatana.fr\/legal-notice\/","url":"https:\/\/www.ayatana.fr\/legal-notice\/","name":"Mentions l\u00e9gales - Ayatana","isPartOf":{"@id":"https:\/\/www.ayatana.fr\/#website"},"primaryImageOfPage":{"@id":"https:\/\/www.ayatana.fr\/legal-notice\/#primaryimage"},"image":{"@id":"https:\/\/www.ayatana.fr\/legal-notice\/#primaryimage"},"thumbnailUrl":"https:\/\/www.ayatana.fr\/wp-content\/uploads\/2022\/09\/Ayatana-logo-side_White-1024x222.png","datePublished":"2022-09-15T18:02:01+00:00","dateModified":"2025-04-07T22:29:27+00:00","breadcrumb":{"@id":"https:\/\/www.ayatana.fr\/legal-notice\/#breadcrumb"},"inLanguage":"fr-FR","potentialAction":[{"@type":"ReadAction","target":["https:\/\/www.ayatana.fr\/legal-notice\/"]}]},{"@type":"ImageObject","inLanguage":"fr-FR","@id":"https:\/\/www.ayatana.fr\/legal-notice\/#primaryimage","url":"https:\/\/www.ayatana.fr\/wp-content\/uploads\/2022\/09\/Ayatana-logo-side_White-1024x222.png","contentUrl":"https:\/\/www.ayatana.fr\/wp-content\/uploads\/2022\/09\/Ayatana-logo-side_White-1024x222.png"},{"@type":"BreadcrumbList","@id":"https:\/\/www.ayatana.fr\/legal-notice\/#breadcrumb","itemListElement":[{"@type":"ListItem","position":1,"name":"Home","item":"https:\/\/www.ayatana.fr\/"},{"@type":"ListItem","position":2,"name":"Mentions l\u00e9gales"}]},{"@type":"WebSite","@id":"https:\/\/www.ayatana.fr\/#website","url":"https:\/\/www.ayatana.fr\/","name":"Ayatana","description":"","publisher":{"@id":"https:\/\/www.ayatana.fr\/#organization"},"potentialAction":[{"@type":"SearchAction","target":{"@type":"EntryPoint","urlTemplate":"https:\/\/www.ayatana.fr\/?s={search_term_string}"},"query-input":{"@type":"PropertyValueSpecification","valueRequired":true,"valueName":"search_term_string"}}],"inLanguage":"fr-FR"},{"@type":"Organization","@id":"https:\/\/www.ayatana.fr\/#organization","name":"Ayatana","url":"https:\/\/www.ayatana.fr\/","logo":{"@type":"ImageObject","inLanguage":"fr-FR","@id":"https:\/\/www.ayatana.fr\/#\/schema\/logo\/image\/","url":"https:\/\/www.ayatana.fr\/wp-content\/uploads\/2022\/09\/Ayatana-logo-side_White.png","contentUrl":"https:\/\/www.ayatana.fr\/wp-content\/uploads\/2022\/09\/Ayatana-logo-side_White.png","width":2435,"height":528,"caption":"Ayatana"},"image":{"@id":"https:\/\/www.ayatana.fr\/#\/schema\/logo\/image\/"}}]}},"_links":{"self":[{"href":"https:\/\/www.ayatana.fr\/fr\/wp-json\/wp\/v2\/pages\/1933","targetHints":{"allow":["GET"]}}],"collection":[{"href":"https:\/\/www.ayatana.fr\/fr\/wp-json\/wp\/v2\/pages"}],"about":[{"href":"https:\/\/www.ayatana.fr\/fr\/wp-json\/wp\/v2\/types\/page"}],"author":[{"embeddable":true,"href":"https:\/\/www.ayatana.fr\/fr\/wp-json\/wp\/v2\/users\/1"}],"replies":[{"embeddable":true,"href":"https:\/\/www.ayatana.fr\/fr\/wp-json\/wp\/v2\/comments?post=1933"}],"version-history":[{"count":18,"href":"https:\/\/www.ayatana.fr\/fr\/wp-json\/wp\/v2\/pages\/1933\/revisions"}],"predecessor-version":[{"id":3316,"href":"https:\/\/www.ayatana.fr\/fr\/wp-json\/wp\/v2\/pages\/1933\/revisions\/3316"}],"wp:attachment":[{"href":"https:\/\/www.ayatana.fr\/fr\/wp-json\/wp\/v2\/media?parent=1933"}],"curies":[{"name":"wp","href":"https:\/\/api.w.org\/{rel}","templated":true}]}}